{"id":575,"date":"2025-01-20T08:28:02","date_gmt":"2025-01-20T08:28:02","guid":{"rendered":"https:\/\/www.leitholf.de\/?page_id=575"},"modified":"2025-01-20T08:30:37","modified_gmt":"2025-01-20T08:30:37","slug":"kontrollierte-be-und-entlueftung","status":"publish","type":"page","link":"https:\/\/www.leitholf.de\/?page_id=575","title":{"rendered":"Kontrollierte Be- und Entl\u00fcftung"},"content":{"rendered":"\n<p>Eine kontrollierte Be- und Entl\u00fcftung ersetzt eine herk\u00f6mmliche Raumbel\u00fcftung durch Fenster und spart dabei auch noch Geld. Denn durch falsche L\u00fcftung entstehen h\u00e4ufig unbewusst hohe Energiekosten.<\/p>\n\n\n\n<figure class=\"is-layout-flex wp-block-gallery-1 wp-block-gallery has-nested-images columns-default is-cropped\">\n<figure class=\"wp-block-image size-large\"><img decoding=\"async\" loading=\"lazy\" width=\"768\" height=\"1024\" data-id=\"411\"  src=\"https:\/\/www.leitholf.de\/wp-content\/uploads\/2024\/12\/be-entlueftung_Zehnder2-1.jpg\" alt=\"Kontrollierte Be- und Entlueftung von der Firma Zehnder\" class=\"wp-image-411\" srcset=\"https:\/\/www.leitholf.de\/wp-content\/uploads\/2024\/12\/be-entlueftung_Zehnder2-1.jpg 768w, https:\/\/www.leitholf.de\/wp-content\/uploads\/2024\/12\/be-entlueftung_Zehnder2-1-225x300.jpg 225w\" sizes=\"(max-width: 768px) 100vw, 768px\" \/><figcaption class=\"wp-element-caption\">Kontrollierte Be- und Entlueftung von der Firma Zehnder<\/figcaption><\/figure>\n\n\n\n<figure class=\"wp-block-image size-large\"><img decoding=\"async\" loading=\"lazy\" width=\"1024\" height=\"768\" data-id=\"391\"  src=\"https:\/\/www.leitholf.de\/wp-content\/uploads\/2024\/12\/be-entlueftung_Zehnder-1024x768.jpg\" alt=\"\" class=\"wp-image-391\" srcset=\"https:\/\/www.leitholf.de\/wp-content\/uploads\/2024\/12\/be-entlueftung_Zehnder-1024x768.jpg 1024w, https:\/\/www.leitholf.de\/wp-content\/uploads\/2024\/12\/be-entlueftung_Zehnder-300x225.jpg 300w, https:\/\/www.leitholf.de\/wp-content\/uploads\/2024\/12\/be-entlueftung_Zehnder-768x576.jpg 768w, https:\/\/www.leitholf.de\/wp-content\/uploads\/2024\/12\/be-entlueftung_Zehnder-1536x1152.jpg 1536w, https:\/\/www.leitholf.de\/wp-content\/uploads\/2024\/12\/be-entlueftung_Zehnder.jpg 1600w\" sizes=\"(max-width: 1024px) 100vw, 1024px\" \/><figcaption class=\"wp-element-caption\">Kontrollierte Bel\u00fcftung<\/figcaption><\/figure>\n\n\n\n<figure class=\"wp-block-image size-large\"><img decoding=\"async\" loading=\"lazy\" width=\"768\" height=\"1024\" data-id=\"406\"  src=\"https:\/\/www.leitholf.de\/wp-content\/uploads\/2024\/12\/be-entlueftung_Zehnder1-1.jpg\" alt=\"Kontrollierte Be- und Entlueftung von der Firma Zehnder\" class=\"wp-image-406\" srcset=\"https:\/\/www.leitholf.de\/wp-content\/uploads\/2024\/12\/be-entlueftung_Zehnder1-1.jpg 768w, https:\/\/www.leitholf.de\/wp-content\/uploads\/2024\/12\/be-entlueftung_Zehnder1-1-225x300.jpg 225w\" sizes=\"(max-width: 768px) 100vw, 768px\" \/><figcaption class=\"wp-element-caption\">Kontrollierte Be- und Entlueftung von der Firma Zehnder<\/figcaption><\/figure>\n<\/figure>\n\n\n\n<p><\/p>\n","protected":false},"excerpt":{"rendered":"<p>Eine kontrollierte Be- und Entl\u00fcftung ersetzt eine herk\u00f6mmliche Raumbel\u00fcftung durch Fenster und spart dabei auch noch Geld. Denn durch falsche L\u00fcftung entstehen h\u00e4ufig unbewusst hohe Energiekosten.<\/p>\n","protected":false},"author":2,"featured_media":0,"parent":0,"menu_order":0,"comment_status":"closed","ping_status":"closed","template":"","meta":[],"_links":{"self":[{"href":"https:\/\/www.leitholf.de\/index.php?rest_route=\/wp\/v2\/pages\/575"}],"collection":[{"href":"https:\/\/www.leitholf.de\/index.php?rest_route=\/wp\/v2\/pages"}],"about":[{"href":"https:\/\/www.leitholf.de\/index.php?rest_route=\/wp\/v2\/types\/page"}],"author":[{"embeddable":true,"href":"https:\/\/www.leitholf.de\/index.php?rest_route=\/wp\/v2\/users\/2"}],"replies":[{"embeddable":true,"href":"https:\/\/www.leitholf.de\/index.php?rest_route=%2Fwp%2Fv2%2Fcomments&post=575"}],"version-history":[{"count":2,"href":"https:\/\/www.leitholf.de\/index.php?rest_route=\/wp\/v2\/pages\/575\/revisions"}],"predecessor-version":[{"id":578,"href":"https:\/\/www.leitholf.de\/index.php?rest_route=\/wp\/v2\/pages\/575\/revisions\/578"}],"wp:attachment":[{"href":"https:\/\/www.leitholf.de\/index.php?rest_route=%2Fwp%2Fv2%2Fmedia&parent=575"}],"curies":[{"name":"wp","href":"https:\/\/api.w.org\/{rel}","templated":true}]}}