{"id":354,"date":"2024-12-07T17:53:04","date_gmt":"2024-12-07T17:53:04","guid":{"rendered":"https:\/\/www.leitholf.de\/?page_id=354"},"modified":"2024-12-07T17:55:09","modified_gmt":"2024-12-07T17:55:09","slug":"leitholfs","status":"publish","type":"page","link":"https:\/\/www.leitholf.de\/?page_id=354","title":{"rendered":"LEITHOLF &#8211; wie es begann"},"content":{"rendered":"\n<p>Seit 1991 stehen mein Team und ich unseren Kunden mit Rat und Tat bei Fragen und Umsetzung von Sanit\u00e4r und Heizung zur Verf\u00fcgung.<\/p>\n\n\n\n<p>Kompetente, individuelle Beratung, fachgerechte, z\u00fcgige und saubere Umsetzung Ihrer W\u00fcnsche sind unsere St\u00e4rke. Wir beraten Sie gern bei Ihrem Neubau, Umbau sowie Ausbau Ihrer Sanit\u00e4r- und Heizungsprojekte in ganz Deutschland.<\/p>\n\n\n\n<p>Selbstverst\u00e4ndlich stehen wir Ihnen auch als Wartungs- und Serviceunternehmen zur Verf\u00fcgung.<\/p>\n\n\n\n<p><strong>Auf uns \/ Mit uns k\u00f6nnen Sie BAUEN!<\/strong><\/p>\n","protected":false},"excerpt":{"rendered":"<p>Seit 1991 stehen mein Team und ich unseren Kunden mit Rat und Tat bei Fragen und Umsetzung von Sanit\u00e4r und Heizung zur Verf\u00fcgung. Kompetente, individuelle Beratung, fachgerechte, z\u00fcgige und saubere Umsetzung Ihrer W\u00fcnsche sind unsere St\u00e4rke. Wir beraten Sie gern bei Ihrem Neubau, Umbau sowie Ausbau Ihrer Sanit\u00e4r- und Heizungsprojekte in ganz Deutschland. Selbstverst\u00e4ndlich stehen [&hellip;]<\/p>\n","protected":false},"author":2,"featured_media":0,"parent":0,"menu_order":0,"comment_status":"closed","ping_status":"closed","template":"","meta":[],"_links":{"self":[{"href":"https:\/\/www.leitholf.de\/index.php?rest_route=\/wp\/v2\/pages\/354"}],"collection":[{"href":"https:\/\/www.leitholf.de\/index.php?rest_route=\/wp\/v2\/pages"}],"about":[{"href":"https:\/\/www.leitholf.de\/index.php?rest_route=\/wp\/v2\/types\/page"}],"author":[{"embeddable":true,"href":"https:\/\/www.leitholf.de\/index.php?rest_route=\/wp\/v2\/users\/2"}],"replies":[{"embeddable":true,"href":"https:\/\/www.leitholf.de\/index.php?rest_route=%2Fwp%2Fv2%2Fcomments&post=354"}],"version-history":[{"count":3,"href":"https:\/\/www.leitholf.de\/index.php?rest_route=\/wp\/v2\/pages\/354\/revisions"}],"predecessor-version":[{"id":359,"href":"https:\/\/www.leitholf.de\/index.php?rest_route=\/wp\/v2\/pages\/354\/revisions\/359"}],"wp:attachment":[{"href":"https:\/\/www.leitholf.de\/index.php?rest_route=%2Fwp%2Fv2%2Fmedia&parent=354"}],"curies":[{"name":"wp","href":"https:\/\/api.w.org\/{rel}","templated":true}]}}