{"id":32,"date":"2018-04-16T08:18:23","date_gmt":"2018-04-16T08:18:23","guid":{"rendered":"https:\/\/leitholf.de\/?page_id=32"},"modified":"2025-01-13T09:51:30","modified_gmt":"2025-01-13T09:51:30","slug":"wartung-service","status":"publish","type":"page","link":"https:\/\/www.leitholf.de\/?page_id=32","title":{"rendered":"Wartung \/ Service"},"content":{"rendered":"<p>Wir sind f\u00fcr Sie da!<\/p>\n<p>Wir warten und reparieren&#8230;.<br \/>\nHeizanlagen, \u00d6l-, Gas-, Brennwert-, Holz-, Solar-, W\u00e4rmepumpen- und Pufferheizungen<br \/>\n&#8230; aller Arten, selbstverst\u00e4ndlich herstellerneutral.<\/p>\n<p>Ebenfalls stehen wir bei Problemen im Sanit\u00e4rbereich gern zur Verf\u00fcgung.<br \/>\n__________________________________________________________<\/p>\n","protected":false},"excerpt":{"rendered":"<p>Wir sind f\u00fcr Sie da! Wir warten und reparieren&#8230;. Heizanlagen, \u00d6l-, Gas-, Brennwert-, Holz-, Solar-, W\u00e4rmepumpen- und Pufferheizungen &#8230; aller Arten, selbstverst\u00e4ndlich herstellerneutral. Ebenfalls stehen wir bei Problemen im Sanit\u00e4rbereich gern zur Verf\u00fcgung. __________________________________________________________<\/p>\n","protected":false},"author":1,"featured_media":0,"parent":0,"menu_order":0,"comment_status":"closed","ping_status":"closed","template":"","meta":[],"_links":{"self":[{"href":"https:\/\/www.leitholf.de\/index.php?rest_route=\/wp\/v2\/pages\/32"}],"collection":[{"href":"https:\/\/www.leitholf.de\/index.php?rest_route=\/wp\/v2\/pages"}],"about":[{"href":"https:\/\/www.leitholf.de\/index.php?rest_route=\/wp\/v2\/types\/page"}],"author":[{"embeddable":true,"href":"https:\/\/www.leitholf.de\/index.php?rest_route=\/wp\/v2\/users\/1"}],"replies":[{"embeddable":true,"href":"https:\/\/www.leitholf.de\/index.php?rest_route=%2Fwp%2Fv2%2Fcomments&post=32"}],"version-history":[{"count":4,"href":"https:\/\/www.leitholf.de\/index.php?rest_route=\/wp\/v2\/pages\/32\/revisions"}],"predecessor-version":[{"id":519,"href":"https:\/\/www.leitholf.de\/index.php?rest_route=\/wp\/v2\/pages\/32\/revisions\/519"}],"wp:attachment":[{"href":"https:\/\/www.leitholf.de\/index.php?rest_route=%2Fwp%2Fv2%2Fmedia&parent=32"}],"curies":[{"name":"wp","href":"https:\/\/api.w.org\/{rel}","templated":true}]}}