{"id":28,"date":"2018-04-16T08:17:18","date_gmt":"2018-04-16T08:17:18","guid":{"rendered":"https:\/\/leitholf.de\/?page_id=28"},"modified":"2025-01-13T09:36:51","modified_gmt":"2025-01-13T09:36:51","slug":"bad-sanitaer","status":"publish","type":"page","link":"https:\/\/www.leitholf.de\/?page_id=28","title":{"rendered":"Sanit\u00e4r"},"content":{"rendered":"\n<div class=\"is-layout-constrained wp-block-group\"><div class=\"wp-block-group__inner-container\">\n<div class=\"is-layout-flex wp-container-4 wp-block-columns\">\n<div class=\"is-layout-flow wp-block-column\" style=\"flex-basis:100%\">\n<p>Unser Team plant und baut professionell Ihr Traumbad , innovativ und preisg\u00fcnstig aus einer Hand. Wir koordinieren alle Gewerke und sorgen f\u00fcr einen reibungslosen Verlauf bei der Entstehung Ihres neuen Bades.<\/p>\n<p><strong>Sanit\u00e4rinstallationen<\/strong><br \/>Unser Leistungsspektrum\u00a0 umfasst alle Dienstleistungen und Arbeiten, die im Bereich der Wasser- und Abwasserversorgung sowie der Heizungsinstallation erforderlich sind. Diese Installationen sind in Neubauten, Renovierungen und Modernisierungen von gro\u00dfer Bedeutung. Die wichtigsten Aufgabenbereiche sind:<\/p>\n<ul>\n<li>Sanit\u00e4rsanierung \/ Badsanierung inkl. Sanierungsplan<\/li>\n<li>Leckortung und Beseitigung von Wassersch\u00e4den<\/li>\n<li>Reparatur von Rohrbr\u00fcchen oder Defekten<\/li>\n<li>Verlegen von Sanit\u00e4rfugen im Altbau und Neubau<\/li>\n<li>Installation und Montage s\u00e4mtlicher Rohrleitungen im Bereich Sanit\u00e4r bei der Altbausanierung oder im Neubau<\/li>\n<li>Installation von Sanit\u00e4ranlagen und Sanit\u00e4rleitungen mit Garantie\/Gew\u00e4hrleistung bei der Altbausanierung oder im Neubau<\/li>\n<\/ul>\n<p style=\"text-align: center;\"><em>Wir liefern Ihnen Ideen f\u00fcr B\u00e4der auf kleinsten Raum<\/em><br \/><em>oder<\/em><br \/><em>wir beraten Sie zu B\u00e4dern mit einem hohen Anspruch auf Luxus und Bewegungsfreiheit.<\/em><\/p>\n\n\n\n<figure class=\"is-layout-flex wp-block-gallery-1 wp-block-gallery has-nested-images columns-default is-cropped has-very-light-gray-to-cyan-bluish-gray-gradient-background has-background\">\n<figure class=\"wp-block-image size-large\"><a href=\"https:\/\/www.leitholf.de\/wp-content\/uploads\/2024\/12\/2e3edd39-528a-43dc-86f6-02f0b2e82143.jpg\" target=\"_blank\" rel=\"noopener\"><img decoding=\"async\" loading=\"lazy\" width=\"1024\" height=\"768\" src=\"https:\/\/www.leitholf.de\/wp-content\/uploads\/2024\/12\/2e3edd39-528a-43dc-86f6-02f0b2e82143-1024x768.jpg\" alt=\"\" class=\"wp-image-398\" srcset=\"https:\/\/www.leitholf.de\/wp-content\/uploads\/2024\/12\/2e3edd39-528a-43dc-86f6-02f0b2e82143-1024x768.jpg 1024w, https:\/\/www.leitholf.de\/wp-content\/uploads\/2024\/12\/2e3edd39-528a-43dc-86f6-02f0b2e82143-300x225.jpg 300w, https:\/\/www.leitholf.de\/wp-content\/uploads\/2024\/12\/2e3edd39-528a-43dc-86f6-02f0b2e82143-768x576.jpg 768w, https:\/\/www.leitholf.de\/wp-content\/uploads\/2024\/12\/2e3edd39-528a-43dc-86f6-02f0b2e82143-1536x1152.jpg 1536w, https:\/\/www.leitholf.de\/wp-content\/uploads\/2024\/12\/2e3edd39-528a-43dc-86f6-02f0b2e82143.jpg 1600w\" sizes=\"(max-width: 1024px) 100vw, 1024px\" \/><\/a><\/figure>\n\n\n\n<figure class=\"wp-block-image size-large\"><a href=\"https:\/\/www.leitholf.de\/wp-content\/uploads\/2024\/12\/8b807de6-2a5c-4a20-9ba2-4bc66f2fc967.jpg\" target=\"_blank\" rel=\"noopener\"><img decoding=\"async\" loading=\"lazy\" width=\"1024\" height=\"768\" src=\"https:\/\/www.leitholf.de\/wp-content\/uploads\/2024\/12\/8b807de6-2a5c-4a20-9ba2-4bc66f2fc967-1024x768.jpg\" alt=\"\" class=\"wp-image-404\" srcset=\"https:\/\/www.leitholf.de\/wp-content\/uploads\/2024\/12\/8b807de6-2a5c-4a20-9ba2-4bc66f2fc967-1024x768.jpg 1024w, https:\/\/www.leitholf.de\/wp-content\/uploads\/2024\/12\/8b807de6-2a5c-4a20-9ba2-4bc66f2fc967-300x225.jpg 300w, https:\/\/www.leitholf.de\/wp-content\/uploads\/2024\/12\/8b807de6-2a5c-4a20-9ba2-4bc66f2fc967-768x576.jpg 768w, https:\/\/www.leitholf.de\/wp-content\/uploads\/2024\/12\/8b807de6-2a5c-4a20-9ba2-4bc66f2fc967-1536x1152.jpg 1536w, https:\/\/www.leitholf.de\/wp-content\/uploads\/2024\/12\/8b807de6-2a5c-4a20-9ba2-4bc66f2fc967.jpg 2048w\" sizes=\"(max-width: 1024px) 100vw, 1024px\" \/><\/a><\/figure>\n\n\n\n<figure class=\"wp-block-image size-large\"><a href=\"https:\/\/www.leitholf.de\/wp-content\/uploads\/2024\/12\/bc5a85bf-eb2e-4ad3-afaa-0d13fd2d2a48.jpg\" target=\"_blank\" rel=\"noopener\"><img decoding=\"async\" loading=\"lazy\" width=\"768\" height=\"1024\" src=\"https:\/\/www.leitholf.de\/wp-content\/uploads\/2024\/12\/bc5a85bf-eb2e-4ad3-afaa-0d13fd2d2a48-768x1024.jpg\" alt=\"\" class=\"wp-image-413\" srcset=\"https:\/\/www.leitholf.de\/wp-content\/uploads\/2024\/12\/bc5a85bf-eb2e-4ad3-afaa-0d13fd2d2a48-768x1024.jpg 768w, https:\/\/www.leitholf.de\/wp-content\/uploads\/2024\/12\/bc5a85bf-eb2e-4ad3-afaa-0d13fd2d2a48-225x300.jpg 225w, https:\/\/www.leitholf.de\/wp-content\/uploads\/2024\/12\/bc5a85bf-eb2e-4ad3-afaa-0d13fd2d2a48-1152x1536.jpg 1152w, https:\/\/www.leitholf.de\/wp-content\/uploads\/2024\/12\/bc5a85bf-eb2e-4ad3-afaa-0d13fd2d2a48.jpg 1536w\" sizes=\"(max-width: 768px) 100vw, 768px\" \/><\/a><\/figure>\n<\/figure>\n<\/div>\n<\/div>\n<\/div><\/div>\n\n\n\n<figure class=\"is-layout-flex wp-block-gallery-6 wp-block-gallery has-nested-images columns-default is-cropped has-very-light-gray-to-cyan-bluish-gray-gradient-background has-background\">\n<figure class=\"wp-block-image size-large\"><a href=\"https:\/\/www.leitholf.de\/wp-content\/uploads\/2024\/12\/04d5893c-4c60-4cc0-800d-3ce51c8af7a7.jpg\" target=\"_blank\" rel=\"noopener\"><img decoding=\"async\" loading=\"lazy\" width=\"1024\" height=\"576\" data-id=\"399\"  src=\"https:\/\/www.leitholf.de\/wp-content\/uploads\/2024\/12\/04d5893c-4c60-4cc0-800d-3ce51c8af7a7-1024x576.jpg\" alt=\"\" class=\"wp-image-399\" srcset=\"https:\/\/www.leitholf.de\/wp-content\/uploads\/2024\/12\/04d5893c-4c60-4cc0-800d-3ce51c8af7a7-1024x576.jpg 1024w, https:\/\/www.leitholf.de\/wp-content\/uploads\/2024\/12\/04d5893c-4c60-4cc0-800d-3ce51c8af7a7-300x169.jpg 300w, https:\/\/www.leitholf.de\/wp-content\/uploads\/2024\/12\/04d5893c-4c60-4cc0-800d-3ce51c8af7a7-768x432.jpg 768w, https:\/\/www.leitholf.de\/wp-content\/uploads\/2024\/12\/04d5893c-4c60-4cc0-800d-3ce51c8af7a7-1536x864.jpg 1536w, https:\/\/www.leitholf.de\/wp-content\/uploads\/2024\/12\/04d5893c-4c60-4cc0-800d-3ce51c8af7a7.jpg 2048w\" sizes=\"(max-width: 1024px) 100vw, 1024px\" \/><\/a><\/figure>\n\n\n\n<figure class=\"wp-block-image size-large\"><a href=\"https:\/\/www.leitholf.de\/wp-content\/uploads\/2024\/12\/05eba941-91dc-431a-b8e5-c6b3fac09b24.jpg\" target=\"_blank\" rel=\"noopener\"><img decoding=\"async\" loading=\"lazy\" width=\"768\" height=\"1024\" data-id=\"400\"  src=\"https:\/\/www.leitholf.de\/wp-content\/uploads\/2024\/12\/05eba941-91dc-431a-b8e5-c6b3fac09b24-768x1024.jpg\" alt=\"\" class=\"wp-image-400\" srcset=\"https:\/\/www.leitholf.de\/wp-content\/uploads\/2024\/12\/05eba941-91dc-431a-b8e5-c6b3fac09b24-768x1024.jpg 768w, https:\/\/www.leitholf.de\/wp-content\/uploads\/2024\/12\/05eba941-91dc-431a-b8e5-c6b3fac09b24-225x300.jpg 225w, https:\/\/www.leitholf.de\/wp-content\/uploads\/2024\/12\/05eba941-91dc-431a-b8e5-c6b3fac09b24-1152x1536.jpg 1152w, https:\/\/www.leitholf.de\/wp-content\/uploads\/2024\/12\/05eba941-91dc-431a-b8e5-c6b3fac09b24.jpg 1536w\" sizes=\"(max-width: 768px) 100vw, 768px\" \/><\/a><\/figure>\n\n\n\n<figure class=\"wp-block-image size-large\"><a href=\"https:\/\/www.leitholf.de\/wp-content\/uploads\/2024\/12\/161e3e0f-7d28-43ec-8d3f-c6cdaf92e263.jpg\" target=\"_blank\" rel=\"noopener\"><img decoding=\"async\" loading=\"lazy\" width=\"360\" height=\"640\" data-id=\"409\"  src=\"https:\/\/www.leitholf.de\/wp-content\/uploads\/2024\/12\/161e3e0f-7d28-43ec-8d3f-c6cdaf92e263.jpg\" alt=\"\" class=\"wp-image-409\" srcset=\"https:\/\/www.leitholf.de\/wp-content\/uploads\/2024\/12\/161e3e0f-7d28-43ec-8d3f-c6cdaf92e263.jpg 360w, https:\/\/www.leitholf.de\/wp-content\/uploads\/2024\/12\/161e3e0f-7d28-43ec-8d3f-c6cdaf92e263-169x300.jpg 169w\" sizes=\"(max-width: 360px) 100vw, 360px\" \/><\/a><\/figure>\n<figcaption class=\"blocks-gallery-caption wp-element-caption\">Moderne B\u00e4der &#8211; exklusives Design<\/figcaption><\/figure>\n","protected":false},"excerpt":{"rendered":"<p>Unser Team plant und baut professionell Ihr Traumbad , innovativ und preisg\u00fcnstig aus einer Hand. Wir koordinieren alle Gewerke und sorgen f\u00fcr einen reibungslosen Verlauf bei der Entstehung Ihres neuen Bades. Sanit\u00e4rinstallationenUnser Leistungsspektrum\u00a0 umfasst alle Dienstleistungen und Arbeiten, die im Bereich der Wasser- und Abwasserversorgung sowie der Heizungsinstallation erforderlich sind. Diese Installationen sind in Neubauten, [&hellip;]<\/p>\n","protected":false},"author":2,"featured_media":0,"parent":0,"menu_order":0,"comment_status":"closed","ping_status":"closed","template":"","meta":[],"_links":{"self":[{"href":"https:\/\/www.leitholf.de\/index.php?rest_route=\/wp\/v2\/pages\/28"}],"collection":[{"href":"https:\/\/www.leitholf.de\/index.php?rest_route=\/wp\/v2\/pages"}],"about":[{"href":"https:\/\/www.leitholf.de\/index.php?rest_route=\/wp\/v2\/types\/page"}],"author":[{"embeddable":true,"href":"https:\/\/www.leitholf.de\/index.php?rest_route=\/wp\/v2\/users\/2"}],"replies":[{"embeddable":true,"href":"https:\/\/www.leitholf.de\/index.php?rest_route=%2Fwp%2Fv2%2Fcomments&post=28"}],"version-history":[{"count":19,"href":"https:\/\/www.leitholf.de\/index.php?rest_route=\/wp\/v2\/pages\/28\/revisions"}],"predecessor-version":[{"id":511,"href":"https:\/\/www.leitholf.de\/index.php?rest_route=\/wp\/v2\/pages\/28\/revisions\/511"}],"wp:attachment":[{"href":"https:\/\/www.leitholf.de\/index.php?rest_route=%2Fwp%2Fv2%2Fmedia&parent=28"}],"curies":[{"name":"wp","href":"https:\/\/api.w.org\/{rel}","templated":true}]}}