{"id":24,"date":"2018-04-16T08:15:53","date_gmt":"2018-04-16T08:15:53","guid":{"rendered":"https:\/\/leitholf.de\/?page_id=24"},"modified":"2025-01-20T08:20:16","modified_gmt":"2025-01-20T08:20:16","slug":"heizung","status":"publish","type":"page","link":"https:\/\/www.leitholf.de\/?page_id=24","title":{"rendered":"Heizung \/ Alternative Energien"},"content":{"rendered":"\n<p>Wir sind die Spezialisten f\u00fcr Ihre Heizung und haben uns in den letzten Jahren auf den Einbau von W\u00e4rmepumpen und Pelletsheizungen spezialisiert.<br>Mit uns finden Sie die optimale Unterst\u00fctzung in Sachen <strong>W\u00c4RME.<\/strong><br><br>\u2022 W\u00e4rmepumpen<br>\u2022 Pelletsheizung<br>\u2022 Holz\u00f6fen<br>\u2022 Gasheizung<br>\u2022 Fernw\u00e4rme<br>\u2022 Hybridheizung<\/p>\n\n\n\n<p><strong>Wir arbeiten mit<\/strong> <strong>den Firmen:<\/strong> <br>alpha innotec, Dimplex, ETA, \u00d6koFEN, tecalor, Weishaupt, Viessmann, Wolf, u.a. zusammen<strong>.<\/strong><\/p>\n\n\n\n<p><strong>Leistungsspektrum<\/strong><br>Fachm\u00e4nnische Beratung geh\u00f6ren f\u00fcr uns zum Service, genauso wie die saubere Montage Ihrer neuen Heizungsanlage<strong> u.a. Brennwertkessel<\/strong> unter Ber\u00fccksichtigung verschiedener Heizungsarten und Kosten.<\/p>\n\n\n\n<ul>\n<li>Beratung und Installation von <strong>erneuerbaren Energien u.a. Solar, W\u00e4rmepumpen, Hybridheizung <a rel=\"noreferrer noopener\" href=\"https:\/\/www.leitholf.de\/?p=253\" target=\"_blank\">mehr dazu<\/a>.<\/strong><\/li>\n\n\n\n<li>Montage s\u00e4mtlicher Rohrleitung im Bereich Heizung bei der Altbausanierungen oder im Neubau<\/li>\n\n\n\n<li>Neubau einer <strong>zentralen oder dezentralen L\u00fcftungsanlage<\/strong>, inkl. L\u00fcftungsrohren und Isolierung<\/li>\n<\/ul>\n\n\n\n<p>_____________________________________________________________<span id=\"wpaicg-chat-message-21518\" class=\"wpaicg-chat-message\"><\/span><\/p>\n\n\n\n<p><strong>W\u00e4rmepumpe<\/strong> <\/p>\n\n\n\n<p><a href=\"https:\/\/www.leitholf.de\/wp-content\/uploads\/2025\/01\/LuftwaermepumpeViessmann.jpg\" target=\"_blank\" rel=\"noopener\"><img decoding=\"async\" loading=\"lazy\" class=\"alignleft wp-image-566 size-medium\" src=\"https:\/\/www.leitholf.de\/wp-content\/uploads\/2025\/01\/LuftwaermepumpeViessmann-169x300.jpg\" alt=\"\" width=\"169\" height=\"300\" srcset=\"https:\/\/www.leitholf.de\/wp-content\/uploads\/2025\/01\/LuftwaermepumpeViessmann-169x300.jpg 169w, https:\/\/www.leitholf.de\/wp-content\/uploads\/2025\/01\/LuftwaermepumpeViessmann.jpg 360w\" sizes=\"(max-width: 169px) 100vw, 169px\" \/><\/a><\/p>\n\n\n\n<p><br>Mit dem Einsatz der W\u00e4rmepumpentechnologie ist es m\u00f6glich, W\u00e4rmeenergie aus der Umwelt zu gewinnen. Die gewonnene W\u00e4rmeenergie wird im Anschluss auf ein h\u00f6heres Temperaturniveau gebracht, um diese f\u00fcr Heizzwecke und f\u00fcr die Warmwasserbereitung zu verwenden. Bei reversiblen Anlagen ist ebenfalls eine K\u00fchlfunktion gegeben. Als Energiequellen k\u00f6nnen Luft und Erdreich dienen.<\/p>\n\n\n\n<p><em>Bild links: Luftw\u00e4rmepumpe au\u00dfen Firma Vie\u00dfmann<\/em><\/p>\n\n\n\n<p><\/p>\n\n\n\n<p><\/p>\n\n\n\n<figure class=\"is-layout-flex wp-block-gallery-1 wp-block-gallery has-nested-images columns-default is-cropped\">\n<figure class=\"wp-block-image size-large\"><a href=\"https:\/\/www.leitholf.de\/wp-content\/uploads\/2024\/12\/9c5a22ef-ef76-45ff-b4d6-c834733bafa2.jpg\" target=\"_blank\" rel=\"noopener\"><img decoding=\"async\" loading=\"lazy\" width=\"1024\" height=\"768\" data-id=\"405\"  src=\"https:\/\/www.leitholf.de\/wp-content\/uploads\/2024\/12\/9c5a22ef-ef76-45ff-b4d6-c834733bafa2-1024x768.jpg\" alt=\"Solewaermepumpe (Erdwaerme) von der Firma alpha innotec\" class=\"wp-image-405\" srcset=\"https:\/\/www.leitholf.de\/wp-content\/uploads\/2024\/12\/9c5a22ef-ef76-45ff-b4d6-c834733bafa2-1024x768.jpg 1024w, https:\/\/www.leitholf.de\/wp-content\/uploads\/2024\/12\/9c5a22ef-ef76-45ff-b4d6-c834733bafa2-300x225.jpg 300w, https:\/\/www.leitholf.de\/wp-content\/uploads\/2024\/12\/9c5a22ef-ef76-45ff-b4d6-c834733bafa2-768x576.jpg 768w, https:\/\/www.leitholf.de\/wp-content\/uploads\/2024\/12\/9c5a22ef-ef76-45ff-b4d6-c834733bafa2.jpg 1280w\" sizes=\"(max-width: 1024px) 100vw, 1024px\" \/><\/a><figcaption class=\"wp-element-caption\">Solew\u00e4rmepumpe (Erdw\u00e4rme) der Firma alpha innotec<\/figcaption><\/figure>\n\n\n\n<figure class=\"wp-block-image size-large\"><a href=\"https:\/\/www.leitholf.de\/wp-content\/uploads\/2024\/12\/HeizraumLuftwaermepumpeFirmaalpha_innotec.jpg\" target=\"_blank\" rel=\"noopener\"><img decoding=\"async\" loading=\"lazy\" width=\"1024\" height=\"768\" data-id=\"393\"  src=\"https:\/\/www.leitholf.de\/wp-content\/uploads\/2024\/12\/HeizraumLuftwaermepumpeFirmaalpha_innotec-1024x768.jpg\" alt=\"Luftw\u00e4rmepumpe der Firma alpha innotec\" class=\"wp-image-393\" srcset=\"https:\/\/www.leitholf.de\/wp-content\/uploads\/2024\/12\/HeizraumLuftwaermepumpeFirmaalpha_innotec-1024x768.jpg 1024w, https:\/\/www.leitholf.de\/wp-content\/uploads\/2024\/12\/HeizraumLuftwaermepumpeFirmaalpha_innotec-300x225.jpg 300w, https:\/\/www.leitholf.de\/wp-content\/uploads\/2024\/12\/HeizraumLuftwaermepumpeFirmaalpha_innotec-768x576.jpg 768w, https:\/\/www.leitholf.de\/wp-content\/uploads\/2024\/12\/HeizraumLuftwaermepumpeFirmaalpha_innotec-1536x1152.jpg 1536w, https:\/\/www.leitholf.de\/wp-content\/uploads\/2024\/12\/HeizraumLuftwaermepumpeFirmaalpha_innotec.jpg 1600w\" sizes=\"(max-width: 1024px) 100vw, 1024px\" \/><\/a><figcaption class=\"wp-element-caption\">Luftw\u00e4rmepumpe der Firma alpha innotec<\/figcaption><\/figure>\n\n\n\n<figure class=\"wp-block-image size-large\"><a href=\"https:\/\/www.leitholf.de\/wp-content\/uploads\/2024\/12\/5ae46cc7-e903-4d8c-82b9-8800c1bcd1ba.jpg\" target=\"_blank\" rel=\"noopener\"><img decoding=\"async\" loading=\"lazy\" width=\"768\" height=\"1024\" data-id=\"401\"  src=\"https:\/\/www.leitholf.de\/wp-content\/uploads\/2024\/12\/5ae46cc7-e903-4d8c-82b9-8800c1bcd1ba-768x1024.jpg\" alt=\"Luftwaermepumpe Innengeraet von der Firma alpha innotec\" class=\"wp-image-401\" srcset=\"https:\/\/www.leitholf.de\/wp-content\/uploads\/2024\/12\/5ae46cc7-e903-4d8c-82b9-8800c1bcd1ba-768x1024.jpg 768w, https:\/\/www.leitholf.de\/wp-content\/uploads\/2024\/12\/5ae46cc7-e903-4d8c-82b9-8800c1bcd1ba-225x300.jpg 225w, https:\/\/www.leitholf.de\/wp-content\/uploads\/2024\/12\/5ae46cc7-e903-4d8c-82b9-8800c1bcd1ba-1152x1536.jpg 1152w, https:\/\/www.leitholf.de\/wp-content\/uploads\/2024\/12\/5ae46cc7-e903-4d8c-82b9-8800c1bcd1ba.jpg 1512w\" sizes=\"(max-width: 768px) 100vw, 768px\" \/><\/a><figcaption class=\"wp-element-caption\">Luftw\u00e4rmepumpe Innenger\u00e4t der Firma alpha innotec<\/figcaption><\/figure>\n<\/figure>\n\n\n\n<p>_____________________________________________________________<span id=\"wpaicg-chat-message-21518\" class=\"wpaicg-chat-message\"><\/span><\/p>\n\n\n\n<p><strong>W\u00e4rme mit Solar<\/strong><\/p>\n\n\n\n<figure class=\"is-layout-flex wp-block-gallery-3 wp-block-gallery has-nested-images columns-default is-cropped\">\n<figure class=\"wp-block-image size-large\"><img decoding=\"async\" loading=\"lazy\" width=\"300\" height=\"140\" data-id=\"114\"  src=\"https:\/\/www.leitholf.de\/wp-content\/uploads\/2018\/04\/foto12.jpg\" alt=\"\" class=\"wp-image-114\"\/><figcaption class=\"wp-element-caption\">Flachkollektor In-Dach-Montage<\/figcaption><\/figure>\n\n\n\n<figure class=\"wp-block-image size-large\"><img decoding=\"async\" loading=\"lazy\" width=\"300\" height=\"174\" data-id=\"113\"  src=\"https:\/\/www.leitholf.de\/wp-content\/uploads\/2018\/04\/sommer2010.jpg\" alt=\"\" class=\"wp-image-113\"\/><figcaption class=\"wp-element-caption\">Solaranlage f\u00fcr Heizungsunterst\u00fctzung und Trinkerw\u00e4rmung \u2013\ngeteilte Kollektorfl\u00e4che; 3 bis 4 Personenhaushalt<\/figcaption><\/figure>\n\n\n\n<figure class=\"wp-block-image size-large\"><img decoding=\"async\" loading=\"lazy\" width=\"300\" height=\"225\" data-id=\"82\"  src=\"https:\/\/www.leitholf.de\/wp-content\/uploads\/2018\/04\/DSCF2374.jpg\" alt=\"\" class=\"wp-image-82\"\/><figcaption class=\"wp-element-caption\">Solaranlage f\u00fcr Trinkwassererw\u00e4rmung \u2013\nFlachdachmontage; 4 bis 5 Personenhaushalt <\/figcaption><\/figure>\n<\/figure>\n\n\n\n<h1 class=\"has-text-align-center has-text-color has-medium-font-size\" style=\"color:#07590e\">Wir stehen Ihnen in allen Bereichen <br>&#8211; Beratung * Projektierung * Installation * Service \u2013 <br>gern zur Seite!<\/h1>\n\n\n\n<p>Die Strahlen der Sonne tr\u00e4gt nicht nur f\u00fcr Ihr Wohlbefinden drau\u00dfen an der frischen Luft bei, sondern kann mit der richtigen Technik auch f\u00fcr gem\u00fctliche W\u00e4rme in Ihrem Eigenheim sorgen. Auch die Ausnutzung der kostenlosen Sonnenstrahlen tr\u00e4gt zur Reduzierung Ihrer Energiekosten bei. Auch hier unterst\u00fctzt der Staat Sie mit F\u00f6rdermitteln und wir sorgen f\u00fcr die Beantragung!<\/p>\n\n\n\n<h4 style=\"font-style:normal;font-weight:700\">_____________________________________________________________<\/h4>\n\n\n<div class=\"wp-block-image\">\n<figure class=\"alignright size-medium\"><img decoding=\"async\" loading=\"lazy\" width=\"300\" height=\"225\" src=\"https:\/\/www.leitholf.de\/wp-content\/uploads\/2024\/12\/40e7ffa6-5acb-40a5-b338-ac43fafcba8c-300x225.jpg\" alt=\"Pelletslager einer Pelletsanlage\" class=\"wp-image-407\" srcset=\"https:\/\/www.leitholf.de\/wp-content\/uploads\/2024\/12\/40e7ffa6-5acb-40a5-b338-ac43fafcba8c-300x225.jpg 300w, https:\/\/www.leitholf.de\/wp-content\/uploads\/2024\/12\/40e7ffa6-5acb-40a5-b338-ac43fafcba8c.jpg 640w\" sizes=\"(max-width: 300px) 100vw, 300px\" \/><figcaption class=\"wp-element-caption\">Pelletslager einer Pelletsanlage der Firma \u00d6koFEN<\/figcaption><\/figure><\/div>\n\n\n<p><strong>W\u00e4rme mit Holz oder Pellet Anlage<\/strong>n<\/p>\n\n\n\n<p>Heizen mit Holz oder Peletts \u00fcber Holzkessel, Holzvergaserkessel oder Kamine tr\u00e4gt zur Reduzierung Ihrer Heizkosten bei. Die \u00e4lteste genutzte Form der alternativen Energien ist das Holz \u2013 dabei ist das Holz auch der \u00e4lteste Brennstoff, den die Menschen kennen.<\/p>\n\n\n\n<p><strong>Gern bringen wir gem\u00fctliche, kosteng\u00fcnstige W\u00e4rme in Ihr Heim!<\/strong><\/p>\n\n\n\n<p>_____________________________________________________________<\/p>\n\n\n\n<p><strong>Gas-Brennwertsysteme<\/strong> <br>mit einem Nutzungsgrad \u00fcber 110% ist ein Brennwertsystem, sollte eine Versorgung mit Erdgas gegeben sein.<\/p>\n\n\n\n<p>Dabei liegen hier die Vorteile bei der optimalen W\u00e4rmeausnutzung auf Grund von W\u00e4rmer\u00fcckgewinnung. Weiterhin erh\u00e4lt man einen optimalen Nutzungsgrad auf Grund bester Leistungsanpassung an den jeweiligen W\u00e4rmebedarf durch niedrige R\u00fccklauftemperaturen.<\/p>\n\n\n\n<p>_____________________________________________________________<\/p>\n\n\n\n<p>Wir bieten Roth <strong>Fu\u00dfbodenheizung <\/strong>TBS Trockenbausystem f\u00fcr minimale Fu\u00dfbodenaufbauh\u00f6hen je nach Bodenbelage ca. 6 cm Aufbauh\u00f6he:<\/p>\n\n\n<div class=\"wp-block-image\">\n<figure class=\"aligncenter size-full is-resized\"><img decoding=\"async\" loading=\"lazy\" src=\"https:\/\/www.leitholf.de\/wp-content\/uploads\/2024\/12\/fussbodenheizung-1.jpg\" alt=\"\" class=\"wp-image-417\" width=\"480\" height=\"360\" srcset=\"https:\/\/www.leitholf.de\/wp-content\/uploads\/2024\/12\/fussbodenheizung-1.jpg 640w, https:\/\/www.leitholf.de\/wp-content\/uploads\/2024\/12\/fussbodenheizung-1-300x225.jpg 300w\" sizes=\"(max-width: 480px) 100vw, 480px\" \/><figcaption class=\"wp-element-caption\">moderne Fu\u00dfbodenheizung<\/figcaption><\/figure><\/div>\n\n\n<figure class=\"is-layout-flex wp-block-gallery-5 wp-block-gallery has-nested-images columns-default is-cropped\">\n<figure class=\"wp-block-image size-large\"><img decoding=\"async\" loading=\"lazy\" width=\"250\" height=\"188\" data-id=\"88\"  src=\"https:\/\/www.leitholf.de\/wp-content\/uploads\/2018\/04\/Foto-33.jpg\" alt=\"\" class=\"wp-image-88\"\/><figcaption class=\"wp-element-caption\">Fu\u00dfbodenheizung<\/figcaption><\/figure>\n\n\n\n<figure class=\"wp-block-image size-large\"><img decoding=\"async\" loading=\"lazy\" width=\"250\" height=\"188\" data-id=\"89\"  src=\"https:\/\/www.leitholf.de\/wp-content\/uploads\/2018\/04\/Foto-55.jpg\" alt=\"\" class=\"wp-image-89\"\/><figcaption class=\"wp-element-caption\">Heizkreisverteiler<\/figcaption><\/figure>\n\n\n\n<figure class=\"wp-block-image size-large\"><img decoding=\"async\" loading=\"lazy\" width=\"250\" height=\"188\" data-id=\"83\"  src=\"https:\/\/www.leitholf.de\/wp-content\/uploads\/2018\/04\/DSCF2710.jpg\" alt=\"\" class=\"wp-image-83\"\/><figcaption class=\"wp-element-caption\">Fu\u00dfbodenheizung<\/figcaption><\/figure>\n<\/figure>\n\n\n\n<p>_____________________________________________________________<\/p>\n\n\n\n<p><strong>Installation der Poolheizung eines Schwimmbecken<\/strong><\/p>\n\n\n<div class=\"wp-block-image\">\n<figure class=\"alignleft\"><img decoding=\"async\" loading=\"lazy\" width=\"250\" height=\"188\" src=\"https:\/\/www.leitholf.de\/wp-content\/uploads\/2018\/04\/heiz2.jpg\" alt=\"\" class=\"wp-image-105\"\/><figcaption class=\"wp-element-caption\">Baden m\u00fcssen Sie selbst.<\/figcaption><\/figure><\/div>\n\n<div class=\"wp-block-image is-style-default\">\n<figure class=\"alignleft\"><img decoding=\"async\" loading=\"lazy\" width=\"250\" height=\"188\" src=\"https:\/\/www.leitholf.de\/wp-content\/uploads\/2018\/04\/heiz3.jpg\" alt=\"\" class=\"wp-image-106\"\/><figcaption class=\"wp-element-caption\">Schwimmbad im Haus<\/figcaption><\/figure><\/div>","protected":false},"excerpt":{"rendered":"<p>Wir sind die Spezialisten f\u00fcr Ihre Heizung und haben uns in den letzten Jahren auf den Einbau von W\u00e4rmepumpen und Pelletsheizungen spezialisiert.Mit uns finden Sie die optimale Unterst\u00fctzung in Sachen W\u00c4RME. \u2022 W\u00e4rmepumpen\u2022 Pelletsheizung\u2022 Holz\u00f6fen\u2022 Gasheizung\u2022 Fernw\u00e4rme\u2022 Hybridheizung Wir arbeiten mit den Firmen: alpha innotec, Dimplex, ETA, \u00d6koFEN, tecalor, Weishaupt, Viessmann, Wolf, u.a. zusammen. LeistungsspektrumFachm\u00e4nnische [&hellip;]<\/p>\n","protected":false},"author":2,"featured_media":0,"parent":0,"menu_order":0,"comment_status":"closed","ping_status":"closed","template":"","meta":[],"_links":{"self":[{"href":"https:\/\/www.leitholf.de\/index.php?rest_route=\/wp\/v2\/pages\/24"}],"collection":[{"href":"https:\/\/www.leitholf.de\/index.php?rest_route=\/wp\/v2\/pages"}],"about":[{"href":"https:\/\/www.leitholf.de\/index.php?rest_route=\/wp\/v2\/types\/page"}],"author":[{"embeddable":true,"href":"https:\/\/www.leitholf.de\/index.php?rest_route=\/wp\/v2\/users\/2"}],"replies":[{"embeddable":true,"href":"https:\/\/www.leitholf.de\/index.php?rest_route=%2Fwp%2Fv2%2Fcomments&post=24"}],"version-history":[{"count":94,"href":"https:\/\/www.leitholf.de\/index.php?rest_route=\/wp\/v2\/pages\/24\/revisions"}],"predecessor-version":[{"id":570,"href":"https:\/\/www.leitholf.de\/index.php?rest_route=\/wp\/v2\/pages\/24\/revisions\/570"}],"wp:attachment":[{"href":"https:\/\/www.leitholf.de\/index.php?rest_route=%2Fwp%2Fv2%2Fmedia&parent=24"}],"curies":[{"name":"wp","href":"https:\/\/api.w.org\/{rel}","templated":true}]}}