{"id":14,"date":"2018-04-16T08:11:31","date_gmt":"2018-04-16T08:11:31","guid":{"rendered":"https:\/\/leitholf.de\/?page_id=14"},"modified":"2025-04-15T12:18:37","modified_gmt":"2025-04-15T12:18:37","slug":"jobs","status":"publish","type":"page","link":"https:\/\/www.leitholf.de\/?page_id=14","title":{"rendered":"Jobs"},"content":{"rendered":"<p>Stellenangebote<\/p>\n<p><strong>Heizungs- und Sanit\u00e4rinstallateur\/in<\/strong><\/p>\n<p><em>\u2022 Ihre Aufgabenschwerpunkte:<\/em><\/p>\n<p>&#8211; selbstst\u00e4ndige Montage von Heizkesseln, W\u00e4rmepumpen, Solar- und L\u00fcftungsanlagen<br \/>\n&#8211; Installation von Heizung und Sanit\u00e4r<br \/>\n&#8211; Komplettierung von hochwertigen B\u00e4dern<\/p>\n<p><em>\u2022 Ihr Profil:<\/em><\/p>\n<p>Sie verf\u00fcgen \u00fcber eine abgeschlossene technische Ausbildung als Sanit\u00e4rinstallateur\/in oder Heizungsbauer\/in sowie mindestens ein bis drei Jahre Berufserfahrung. Ihre vielseitige und selbstst\u00e4ndige T\u00e4tigkeit erfordert ein sicheres und serviceorientiertes Auftreten und einen freundlichen Umgang mit unseren Kunden sowie Flexibilit\u00e4t.<\/p>\n<p>Unsere attraktiven Vertragsbedingungen erl\u00e4utern wir sehr gern in einem pers\u00f6nlichen Gespr\u00e4ch. Bitte schicken Sie Ihre aussagekr\u00e4ftigen Bewerbungsunterlagen mit Einkommenswunsch und Eintrittstermin an:<\/p>\n<p><strong>LEITHOLF Installationsbau GmbH<\/strong><br \/>\nHeinrich-Heine-Str. 8<br \/>\n<strong>04416 Markkleeberg<\/strong><br \/>\noder nutzen Sie unser Bewerbungsformular.<br \/>\nWenn wir Ihr Interesse geweckt haben, dann nutzen Sie Ihre Chance! Wir freuen uns auf Ihre Bewerbung.<\/p>\n\n<div class=\"wpcf7 no-js\" id=\"wpcf7-f602-o1\" lang=\"de-DE\" dir=\"ltr\">\n<div class=\"screen-reader-response\"><p role=\"status\" aria-live=\"polite\" aria-atomic=\"true\"><\/p> <ul><\/ul><\/div>\n<form action=\"\/index.php?rest_route=%2Fwp%2Fv2%2Fpages%2F14#wpcf7-f602-o1\" method=\"post\" class=\"wpcf7-form init\" aria-label=\"Kontaktformular\" novalidate=\"novalidate\" data-status=\"init\">\n<div style=\"display: none;\">\n<input type=\"hidden\" name=\"_wpcf7\" value=\"602\" \/>\n<input type=\"hidden\" name=\"_wpcf7_version\" value=\"5.7.4\" \/>\n<input type=\"hidden\" name=\"_wpcf7_locale\" value=\"de_DE\" \/>\n<input type=\"hidden\" name=\"_wpcf7_unit_tag\" value=\"wpcf7-f602-o1\" \/>\n<input type=\"hidden\" name=\"_wpcf7_container_post\" value=\"0\" \/>\n<input type=\"hidden\" name=\"_wpcf7_posted_data_hash\" value=\"\" \/>\n<\/div>\n<p><label>Bewerbungsformular <\/label>\n<\/p>\n<p><label> Dein Name*<br \/>\n<span class=\"wpcf7-form-control-wrap\" data-name=\"your-name\"><input size=\"40\" class=\"wpcf7-form-control wpcf7-text wpcf7-validates-as-required\" autocomplete=\"name\" aria-required=\"true\" aria-invalid=\"false\" value=\"\" type=\"text\" name=\"your-name\" \/><\/span> <\/label>\n<\/p>\n<p><label> Deine E-Mail-Adresse*<br \/>\n<span class=\"wpcf7-form-control-wrap\" data-name=\"your-email\"><input size=\"40\" class=\"wpcf7-form-control wpcf7-text wpcf7-email wpcf7-validates-as-required wpcf7-validates-as-email\" autocomplete=\"email\" aria-required=\"true\" aria-invalid=\"false\" value=\"\" type=\"email\" name=\"your-email\" \/><\/span> <\/label>\n<\/p>\n<p><label> Telefonnummer*<br \/>\n<span class=\"wpcf7-form-control-wrap\" data-name=\"your-tel\"><input size=\"40\" class=\"wpcf7-form-control wpcf7-text wpcf7-tel wpcf7-validates-as-required wpcf7-validates-as-tel\" autocomplete=\"tel\" aria-required=\"true\" aria-invalid=\"false\" value=\"\" type=\"tel\" name=\"your-tel\" \/><\/span> <\/label>\n<\/p>\n<p><label> Kurzbewerbung* <span class=\"wpcf7-form-control-wrap\" data-name=\"your-message\"><textarea cols=\"40\" rows=\"10\" class=\"wpcf7-form-control wpcf7-textarea wpcf7-validates-as-required\" aria-required=\"true\" aria-invalid=\"false\" name=\"your-message\"><\/textarea><\/span> <\/label>\n<\/p>\n<p><input class=\"wpcf7-form-control has-spinner wpcf7-submit\" type=\"submit\" value=\"Senden\" \/>\n<\/p><p style=\"display: none !important;\" class=\"akismet-fields-container\" data-prefix=\"_wpcf7_ak_\"><label>&#916;<textarea name=\"_wpcf7_ak_hp_textarea\" cols=\"45\" rows=\"8\" maxlength=\"100\"><\/textarea><\/label><input type=\"hidden\" id=\"ak_js_1\" name=\"_wpcf7_ak_js\" value=\"82\"\/><script type=\"text\/javascript\">\ndocument.getElementById( \"ak_js_1\" ).setAttribute( \"value\", ( new Date() ).getTime() );\n<\/script>\n<\/p><div class=\"wpcf7-response-output\" aria-hidden=\"true\"><\/div>\n<\/form>\n<\/div>\n\n","protected":false},"excerpt":{"rendered":"<p>Stellenangebote Heizungs- und Sanit\u00e4rinstallateur\/in \u2022 Ihre Aufgabenschwerpunkte: &#8211; selbstst\u00e4ndige Montage von Heizkesseln, W\u00e4rmepumpen, Solar- und L\u00fcftungsanlagen &#8211; Installation von Heizung und Sanit\u00e4r &#8211; Komplettierung von hochwertigen B\u00e4dern \u2022 Ihr Profil: Sie verf\u00fcgen \u00fcber eine abgeschlossene technische Ausbildung als Sanit\u00e4rinstallateur\/in oder Heizungsbauer\/in sowie mindestens ein bis drei Jahre Berufserfahrung. Ihre vielseitige und selbstst\u00e4ndige T\u00e4tigkeit erfordert ein [&hellip;]<\/p>\n","protected":false},"author":1,"featured_media":0,"parent":0,"menu_order":0,"comment_status":"closed","ping_status":"closed","template":"","meta":[],"_links":{"self":[{"href":"https:\/\/www.leitholf.de\/index.php?rest_route=\/wp\/v2\/pages\/14"}],"collection":[{"href":"https:\/\/www.leitholf.de\/index.php?rest_route=\/wp\/v2\/pages"}],"about":[{"href":"https:\/\/www.leitholf.de\/index.php?rest_route=\/wp\/v2\/types\/page"}],"author":[{"embeddable":true,"href":"https:\/\/www.leitholf.de\/index.php?rest_route=\/wp\/v2\/users\/1"}],"replies":[{"embeddable":true,"href":"https:\/\/www.leitholf.de\/index.php?rest_route=%2Fwp%2Fv2%2Fcomments&post=14"}],"version-history":[{"count":5,"href":"https:\/\/www.leitholf.de\/index.php?rest_route=\/wp\/v2\/pages\/14\/revisions"}],"predecessor-version":[{"id":607,"href":"https:\/\/www.leitholf.de\/index.php?rest_route=\/wp\/v2\/pages\/14\/revisions\/607"}],"wp:attachment":[{"href":"https:\/\/www.leitholf.de\/index.php?rest_route=%2Fwp%2Fv2%2Fmedia&parent=14"}],"curies":[{"name":"wp","href":"https:\/\/api.w.org\/{rel}","templated":true}]}}