{"id":12,"date":"2018-04-16T08:11:09","date_gmt":"2018-04-16T08:11:09","guid":{"rendered":"https:\/\/leitholf.de\/?page_id=12"},"modified":"2024-12-08T16:48:26","modified_gmt":"2024-12-08T16:48:26","slug":"impressum","status":"publish","type":"page","link":"https:\/\/www.leitholf.de\/?page_id=12","title":{"rendered":"Impressum"},"content":{"rendered":"\n<div class=\"wp-block-media-text alignwide has-media-on-the-right is-stacked-on-mobile is-vertically-aligned-center\"><div class=\"wp-block-media-text__content\">\n<p>nach den verbindlichen gesetzlichen Vorgaben in \u00a7 6 Teledienstegesetz und \u00a7 6 Mediendienstestaatsvertrag.<\/p>\n\n\n\n<p>Inhaltlich Verantwortlicher gem\u00e4\u00df \u00a7 6 MDStV: Steffen Leitholf<\/p>\n<\/div><figure class=\"wp-block-media-text__media\"><img decoding=\"async\" loading=\"lazy\" width=\"393\" height=\"222\" src=\"https:\/\/www.leitholf.de\/wp-content\/uploads\/2024\/12\/impressum.png\" alt=\"\" class=\"wp-image-375 size-full\" srcset=\"https:\/\/www.leitholf.de\/wp-content\/uploads\/2024\/12\/impressum.png 393w, https:\/\/www.leitholf.de\/wp-content\/uploads\/2024\/12\/impressum-300x169.png 300w\" sizes=\"(max-width: 393px) 100vw, 393px\" \/><\/figure><\/div>\n\n\n\n<p><strong>LEITHOLF Installationsbau GmbH<\/strong><br>Heinrich-Heine-Stra\u00dfe 8<br><strong>04416 Markkleeberg<\/strong><\/p>\n\n\n\n<p>Tel. 0163 331 7744<br>E-Mail: info@leitholf.de<\/p>\n\n\n\n<p><strong>NL LEITHOLF Installationsbau GmbH<\/strong><br>Sandberg 16<br><strong>04178 Leipzig\/R\u00fcckmarsdorf<\/strong><\/p>\n\n\n\n<p>Finanzamt Borna ST-Nr.: 235 \/ 113 \/ 03478<br>USt-ID: DE 288589021 Amtsgericht Leipzig<br>HRB: 29158<\/p>\n\n\n\n<p>Technische Umsetzung:<br>B\u00fcroservice &amp; Webdesign, I. Kober, Tel. 0160-985 82541, ina.kober@gmx.de<\/p>\n\n\n\n<p>Haftungshinweis:<br>Mit Urteil vom 12.Mai 1998 -312 085\/98- Haftung f\u00fcr Links- hat das Landgericht (LG) in Hamburg entschieden, dass man durch die Anbringung eines Links, die Inhalte der gelinkten Seite ggf. mit zu verantworten hat. Dies kann &#8211; so das LG &#8211; nur dadurch verhindert werden, indem man sich ausdr\u00fccklich von diesen Inhalten distanziert.<br>Hiermit distanzieren wir uns ausdr\u00fccklich von allen Inhalten aller gelinkten Seiten auf unseren Seiten:<br>Diese Erkl\u00e4rung gilt f\u00fcr alle auf unserer Homepage angebrachten Links.<\/p>\n\n\n\n<p>Rechtshinweis<br>Trotz der dabei angewandten Sorgfalt k\u00f6nnen sich Daten zwischenzeitlich ge\u00e4ndert haben. Eine Garantie oder Haftung f\u00fcr Aktualit\u00e4t, Richtigkeit und Vollst\u00e4ndigkeit der hier dargestellten Informationen kann deshalb nicht \u00fcbernommen werden. Dies gilt in gleicher Weise f\u00fcr Websites, auf die durch einen Link verwiesen wird. Wir weisen erg\u00e4nzend daraufhin, dass die Firma Leitholf f\u00fcr den Inhalt von Websites, auf die mit einem Link verwiesen wird, nicht verantwortlich ist.<\/p>\n\n\n\n<p>Des Weiteren beh\u00e4lt sich die Firma Leitholf das Recht vor, \u00c4nderungen oder Erg\u00e4nzungen der hier dargestellten Inhalte vorzunehmen.<br>Inhalt, Struktur und Screen-Design der Website der Firma Leitholf sind urheberrechtlich gesch\u00fctzt. Die Vervielf\u00e4ltigung von Informationen oder Daten, insbesondere die Verwendung von Texten, Textteilen, Grafiken oder Bildern bedarf der vorherigen schriftlichen Zustimmung der Firma Leitholf sowie &#8211; im Falle der genehmigten Verwendung &#8211; der Quellenangabe.<\/p>\n","protected":false},"excerpt":{"rendered":"<p>nach den verbindlichen gesetzlichen Vorgaben in \u00a7 6 Teledienstegesetz und \u00a7 6 Mediendienstestaatsvertrag. Inhaltlich Verantwortlicher gem\u00e4\u00df \u00a7 6 MDStV: Steffen Leitholf LEITHOLF Installationsbau GmbHHeinrich-Heine-Stra\u00dfe 804416 Markkleeberg Tel. 0163 331 7744E-Mail: info@leitholf.de NL LEITHOLF Installationsbau GmbHSandberg 1604178 Leipzig\/R\u00fcckmarsdorf Finanzamt Borna ST-Nr.: 235 \/ 113 \/ 03478USt-ID: DE 288589021 Amtsgericht LeipzigHRB: 29158 Technische Umsetzung:B\u00fcroservice &amp; Webdesign, I. [&hellip;]<\/p>\n","protected":false},"author":2,"featured_media":0,"parent":0,"menu_order":0,"comment_status":"closed","ping_status":"closed","template":"","meta":[],"_links":{"self":[{"href":"https:\/\/www.leitholf.de\/index.php?rest_route=\/wp\/v2\/pages\/12"}],"collection":[{"href":"https:\/\/www.leitholf.de\/index.php?rest_route=\/wp\/v2\/pages"}],"about":[{"href":"https:\/\/www.leitholf.de\/index.php?rest_route=\/wp\/v2\/types\/page"}],"author":[{"embeddable":true,"href":"https:\/\/www.leitholf.de\/index.php?rest_route=\/wp\/v2\/users\/2"}],"replies":[{"embeddable":true,"href":"https:\/\/www.leitholf.de\/index.php?rest_route=%2Fwp%2Fv2%2Fcomments&post=12"}],"version-history":[{"count":8,"href":"https:\/\/www.leitholf.de\/index.php?rest_route=\/wp\/v2\/pages\/12\/revisions"}],"predecessor-version":[{"id":446,"href":"https:\/\/www.leitholf.de\/index.php?rest_route=\/wp\/v2\/pages\/12\/revisions\/446"}],"wp:attachment":[{"href":"https:\/\/www.leitholf.de\/index.php?rest_route=%2Fwp%2Fv2%2Fmedia&parent=12"}],"curies":[{"name":"wp","href":"https:\/\/api.w.org\/{rel}","templated":true}]}}